{"id":964,"date":"2022-02-24T14:11:38","date_gmt":"2022-02-24T14:11:38","guid":{"rendered":"https:\/\/cosereproject.eu\/contact\/"},"modified":"2025-08-27T13:34:08","modified_gmt":"2025-08-27T13:34:08","slug":"contact","status":"publish","type":"page","link":"https:\/\/cosereproject.eu\/cs\/contact\/","title":{"rendered":"Kontakt"},"content":{"rendered":"<h2>Kontaktujte n\u00e1s<\/h2>\n<p><img decoding=\"async\" src=\"\/wp-content\/uploads\/2023\/03\/contact-drawing.png\" alt=\"\"><\/p>\n<div>\n<p>Projekt je nyn\u00ed ukon\u010den.<br \/>Pro dal\u0161\u00ed informace nev\u00e1hejte kontaktovat <a href=\"https:\/\/cardet.org\">CARDET<\/a><\/p>\n<\/div>\n<p><!--more--><br \/>\n<!-- {\"type\":\"layout\",\"children\":[{\"type\":\"section\",\"props\":{\"css\":\".el-section{\\n\\tborder-top: 35px solid #603f90;\\n    background: rgba(96 63 144 \\\/ .2);\\n}\",\"image_position\":\"center-center\",\"style\":\"default\",\"title_breakpoint\":\"xl\",\"title_position\":\"top-left\",\"title_rotation\":\"left\",\"vertical_align\":\"\",\"width\":\"default\"},\"children\":[{\"type\":\"row\",\"props\":{\"layout\":\"1-2,1-2\"},\"children\":[{\"type\":\"column\",\"props\":{\"image_position\":\"center-center\",\"position_sticky_breakpoint\":\"m\",\"width_medium\":\"1-2\"},\"children\":[{\"type\":\"headline\",\"props\":{\"content\":\"Kontaktujte n\\u00e1s\",\"css\":\".el-element{\\n\\tposition: relative;\\n    padding-left: 70px;\\n    font-weight: 600;\\n}\\n.el-element::before{\\n\\t  content: '';\\n  background-image: url('\\\/wp-content\\\/uploads\\\/2023\\\/03\\\/contact-icon.png');\\n  width: 60px;\\n  height: 60px;\\n  position: absolute;\\n  top: 50%;\\n  left: 0;\\n  background-size: contain;\\n  background-repeat: no-repeat;\\n  transform: translatey(-50%);\\n}\\n\\n\",\"title_color\":\"primary\",\"title_element\":\"h2\",\"title_style\":\"h2\"}},{\"type\":\"image\",\"props\":{\"image\":\"wp-content\\\/uploads\\\/2023\\\/03\\\/contact-drawing.png\",\"image_svg_color\":\"emphasis\",\"margin\":\"default\"}}]},{\"type\":\"column\",\"props\":{\"image_position\":\"center-center\",\"position_sticky_breakpoint\":\"m\",\"vertical_align\":\"middle\",\"width_medium\":\"1-2\"},\"children\":[{\"type\":\"text\",\"props\":{\"column_breakpoint\":\"m\",\"content\":\"\n\n<p>Projekt je nyn\\u00ed ukon\\u010den.<br \\\/>Pro dal\\u0161\\u00ed informace nev\\u00e1hejte kontaktovat <a href=\\\"https:\\\/\\\/cardet.org\\\">CARDET<\\\/a><\\\/p>\",\"margin\":\"default\"}}]}]}]}],\"version\":\"4.5.0\"} --><\/p>\n","protected":false},"excerpt":{"rendered":"<p>Kontaktujte n\u00e1s Projekt je nyn\u00ed ukon\u010den.Pro dal\u0161\u00ed informace nev\u00e1hejte kontaktovat CARDET<\/p>\n","protected":false},"author":1,"featured_media":0,"parent":0,"menu_order":0,"comment_status":"closed","ping_status":"closed","template":"","meta":{"_acf_changed":false,"inline_featured_image":false,"footnotes":""},"class_list":["post-964","page","type-page","status-publish","hentry"],"acf":[],"_links":{"self":[{"href":"https:\/\/cosereproject.eu\/cs\/wp-json\/wp\/v2\/pages\/964","targetHints":{"allow":["GET"]}}],"collection":[{"href":"https:\/\/cosereproject.eu\/cs\/wp-json\/wp\/v2\/pages"}],"about":[{"href":"https:\/\/cosereproject.eu\/cs\/wp-json\/wp\/v2\/types\/page"}],"author":[{"embeddable":true,"href":"https:\/\/cosereproject.eu\/cs\/wp-json\/wp\/v2\/users\/1"}],"replies":[{"embeddable":true,"href":"https:\/\/cosereproject.eu\/cs\/wp-json\/wp\/v2\/comments?post=964"}],"version-history":[{"count":3,"href":"https:\/\/cosereproject.eu\/cs\/wp-json\/wp\/v2\/pages\/964\/revisions"}],"predecessor-version":[{"id":1523,"href":"https:\/\/cosereproject.eu\/cs\/wp-json\/wp\/v2\/pages\/964\/revisions\/1523"}],"wp:attachment":[{"href":"https:\/\/cosereproject.eu\/cs\/wp-json\/wp\/v2\/media?parent=964"}],"curies":[{"name":"wp","href":"https:\/\/api.w.org\/{rel}","templated":true}]}}