{"id":967,"date":"2022-02-24T14:11:37","date_gmt":"2022-02-24T14:11:37","guid":{"rendered":"https:\/\/cosereproject.eu\/elearning\/"},"modified":"2025-07-14T07:25:37","modified_gmt":"2025-07-14T07:25:37","slug":"elearning","status":"publish","type":"page","link":"https:\/\/cosereproject.eu\/cs\/elearning\/","title":{"rendered":"eLearning"},"content":{"rendered":"<h2>E-learning<\/h2>\n<p><img decoding=\"async\" src=\"\/wp-content\/uploads\/2023\/03\/elearning-drawing-12.png\" alt=\"\"><\/p>\n<div>\n<p><span>V r\u00e1mci nab\u00edzen\u00ed podpory za \u00fa\u010delem posilov\u00e1n\u00ed odolnosti, rozvoje \u0161kol a zvy\u0161ov\u00e1n\u00ed potenci\u00e1lu vedouc\u00edch pracovn\u00edk\u016f \u0161kol je d\u016fle\u017eit\u00e9 zab\u00fdvat se digit\u00e1ln\u00edm vzd\u011bl\u00e1v\u00e1n\u00edm c\u00edlov\u00fdch skupin. Vedouc\u00ed pracovn\u00edci \u0161kol, u\u010ditel\u00e9 a dal\u0161\u00ed pedagogi\u010dt\u00ed pracovn\u00edci mus\u00ed m\u00edt digit\u00e1ln\u00ed kompetence, kter\u00e9 jim usnadn\u00ed zav\u00e1d\u011bn\u00ed forem kolegi\u00e1ln\u00ed podpory. Tomu bude napom\u00e1hat tato e-learningov\u00e1 platforma, kter\u00e1 bude zahrnovat kurzy MOOC ve form\u011b digit\u00e1ln\u00edch miniher a sc\u00e9n\u00e1\u0159\u016f pro pracovn\u00edky.<\/span><\/p>\n<\/div>\n<p><p>\n        <a href=\"https:\/\/elearning.cosereproject.eu\/\">nav\u0161t\u00edvit platformu<\/a>\n    <\/p>\n<\/p>\n<p><!--more--><br \/>\n<!-- {\"type\":\"layout\",\"children\":[{\"type\":\"section\",\"props\":{\"css\":\".el-section{\\n\\tborder-top: 35px solid #4ab17b!important;\\n    background: rgba(74 177 123 \\\/ .2);\\n}\",\"height\":\"page\",\"image_position\":\"center-center\",\"padding\":\"large\",\"padding_remove_top\":false,\"style\":\"default\",\"title_breakpoint\":\"xl\",\"title_position\":\"top-left\",\"title_rotation\":\"left\",\"vertical_align\":\"\",\"width\":\"default\"},\"children\":[{\"type\":\"row\",\"props\":{\"layout\":\"1-3,2-3\"},\"children\":[{\"type\":\"column\",\"props\":{\"image_position\":\"center-center\",\"position_sticky_breakpoint\":\"m\",\"width_medium\":\"1-3\"},\"children\":[{\"type\":\"headline\",\"props\":{\"content\":\"E-learning\",\"css\":\".el-element{\\n\\tposition: relative;\\n    padding-left: 80px;\\n    font-weight: 600;\\n}\\n.el-element::before{\\n\\tcontent: '';\\n    background-image: url('\\\/wp-content\\\/uploads\\\/2023\\\/03\\\/elearning-inner-icon.png');\\n    width: 70px;\\n    height: 60px;\\n    position: absolute;\\n    top: 50%;\\n    left: 0;\\n    background-size: contain;\\n    background-repeat: no-repeat;\\n    transform: translatey(-50%)\\n}\\n\",\"title_color\":\"secondary\",\"title_element\":\"h2\",\"title_style\":\"h2\"}},{\"type\":\"image\",\"props\":{\"image\":\"wp-content\\\/uploads\\\/2023\\\/03\\\/elearning-drawing-12.png\",\"image_svg_color\":\"emphasis\",\"image_width\":\"300px\",\"margin\":\"default\",\"visibility\":\"l\"}}]},{\"type\":\"column\",\"props\":{\"image_position\":\"center-center\",\"position_sticky_breakpoint\":\"m\",\"width_medium\":\"2-3\"},\"children\":[{\"type\":\"text\",\"props\":{\"column_breakpoint\":\"m\",\"content\":\"\n\n<p><span>V r\\u00e1mci nab\\u00edzen\\u00ed podpory za \\u00fa\\u010delem posilov\\u00e1n\\u00ed odolnosti, rozvoje \\u0161kol a zvy\\u0161ov\\u00e1n\\u00ed potenci\\u00e1lu vedouc\\u00edch pracovn\\u00edk\\u016f \\u0161kol je d\\u016fle\\u017eit\\u00e9 zab\\u00fdvat se digit\\u00e1ln\\u00edm vzd\\u011bl\\u00e1v\\u00e1n\\u00edm c\\u00edlov\\u00fdch skupin. Vedouc\\u00ed pracovn\\u00edci \\u0161kol, u\\u010ditel\\u00e9 a dal\\u0161\\u00ed pedagogi\\u010dt\\u00ed pracovn\\u00edci mus\\u00ed m\\u00edt digit\\u00e1ln\\u00ed kompetence, kter\\u00e9 jim usnadn\\u00ed zav\\u00e1d\\u011bn\\u00ed forem kolegi\\u00e1ln\\u00ed podpory. Tomu bude napom\\u00e1hat tato e-learningov\\u00e1 platforma, kter\\u00e1 bude zahrnovat kurzy MOOC ve form\\u011b digit\\u00e1ln\\u00edch miniher a sc\\u00e9n\\u00e1\\u0159\\u016f pro pracovn\\u00edky.<\\\/span><\\\/p>\",\"margin\":\"default\"}},{\"type\":\"button\",\"props\":{\"grid_column_gap\":\"small\",\"grid_row_gap\":\"small\",\"margin\":\"default\"},\"children\":[{\"type\":\"button_item\",\"props\":{\"button_style\":\"secondary\",\"content\":\"nav\\u0161t\\u00edvit platformu\",\"dialog_layout\":\"modal\",\"dialog_offcanvas_flip\":true,\"icon_align\":\"left\",\"link\":\"https:\\\/\\\/elearning.cosereproject.eu\\\/\",\"link_target\":\"blank\"}}]}]}]}]}],\"version\":\"4.5.0\"} --><\/p>\n","protected":false},"excerpt":{"rendered":"<p>E-learning V r\u00e1mci nab\u00edzen\u00ed podpory za \u00fa\u010delem posilov\u00e1n\u00ed odolnosti, rozvoje \u0161kol a zvy\u0161ov\u00e1n\u00ed potenci\u00e1lu vedouc\u00edch pracovn\u00edk\u016f \u0161kol je d\u016fle\u017eit\u00e9 zab\u00fdvat se digit\u00e1ln\u00edm vzd\u011bl\u00e1v\u00e1n\u00edm c\u00edlov\u00fdch skupin&#8230;<\/p>\n","protected":false},"author":1,"featured_media":0,"parent":0,"menu_order":0,"comment_status":"closed","ping_status":"closed","template":"","meta":{"_acf_changed":false,"inline_featured_image":false,"footnotes":""},"class_list":["post-967","page","type-page","status-publish","hentry"],"acf":[],"_links":{"self":[{"href":"https:\/\/cosereproject.eu\/cs\/wp-json\/wp\/v2\/pages\/967","targetHints":{"allow":["GET"]}}],"collection":[{"href":"https:\/\/cosereproject.eu\/cs\/wp-json\/wp\/v2\/pages"}],"about":[{"href":"https:\/\/cosereproject.eu\/cs\/wp-json\/wp\/v2\/types\/page"}],"author":[{"embeddable":true,"href":"https:\/\/cosereproject.eu\/cs\/wp-json\/wp\/v2\/users\/1"}],"replies":[{"embeddable":true,"href":"https:\/\/cosereproject.eu\/cs\/wp-json\/wp\/v2\/comments?post=967"}],"version-history":[{"count":2,"href":"https:\/\/cosereproject.eu\/cs\/wp-json\/wp\/v2\/pages\/967\/revisions"}],"predecessor-version":[{"id":1517,"href":"https:\/\/cosereproject.eu\/cs\/wp-json\/wp\/v2\/pages\/967\/revisions\/1517"}],"wp:attachment":[{"href":"https:\/\/cosereproject.eu\/cs\/wp-json\/wp\/v2\/media?parent=967"}],"curies":[{"name":"wp","href":"https:\/\/api.w.org\/{rel}","templated":true}]}}