{"id":970,"date":"2023-03-10T14:30:27","date_gmt":"2023-03-10T14:30:27","guid":{"rendered":"https:\/\/cosereproject.eu\/handbook\/"},"modified":"2025-06-27T08:53:50","modified_gmt":"2025-06-27T08:53:50","slug":"handbook","status":"publish","type":"page","link":"https:\/\/cosereproject.eu\/cs\/handbook\/","title":{"rendered":"P\u0159\u00edru\u010dka"},"content":{"rendered":"<p><img decoding=\"async\" src=\"\/wp-content\/uploads\/2023\/03\/handbook-drawing-1.png\" alt=\"\"><\/p>\n<div>\n<div class=\"uk-panel uk-margin uk-scrollspy-inview \" data-id=\"page#3-0-1-0\" id=\"page#10\" uk-scrollspy-class=\"\">\n<p><span>Konsorcium se sna\u017e\u00ed podporovat zp\u016fsoby profesn\u00edho rozvoje zalo\u017een\u00e9 na partnerstv\u00ed a spolupr\u00e1ci. Abychom mohli rozv\u00edjet podp\u016frn\u00e9 kolegi\u00e1ln\u00ed prost\u0159ed\u00ed ve \u0161kole jako sou\u010d\u00e1st jej\u00ed kultury, zji\u0161\u0165uje n\u00e1\u0161 projekt situaci a pot\u0159eby u\u010ditel\u016f a veden\u00ed \u0161kol. Na z\u00e1klad\u011b anal\u00fdzy jejich pot\u0159eb vytv\u00e1\u0159\u00edme p\u0159\u00edru\u010dku a hybridn\u00ed kurz dal\u0161\u00edho vzd\u011bl\u00e1v\u00e1n\u00ed, abychom tak pomohli na\u0161\u00ed c\u00edlov\u00e9 skupin\u011b l\u00e9pe porozum\u011bt, vyzkou\u0161et a zav\u00e1d\u011bt r\u016fzn\u00e9 formy kolegi\u00e1ln\u00ed podpory ve \u0161kol\u00e1ch.<\/span><\/p>\n<\/div>\n<\/div>\n<p><p>\n        <a href=\"\/wp-content\/uploads\/2025\/06\/COSERE-WP3-Handbook-CZ.pdf\">Zobrazit p\u0159\u00edru\u010dku<\/a>\n    <\/p>\n<\/p>\n<p><!--more--><br \/>\n<!-- {\"type\":\"layout\",\"children\":[{\"type\":\"section\",\"props\":{\"css\":\".el-section{\\n\\tborder-top: 35px solid #f5a227!important;\\n    background: rgba(245 162 39 \\\/ .2);\\n}\",\"height\":\"page\",\"image_position\":\"center-center\",\"style\":\"default\",\"title_breakpoint\":\"xl\",\"title_position\":\"top-left\",\"title_rotation\":\"left\",\"vertical_align\":\"\",\"width\":\"default\"},\"children\":[{\"type\":\"row\",\"props\":{\"layout\":\"1-3,2-3\"},\"children\":[{\"type\":\"column\",\"props\":{\"image_position\":\"center-center\",\"position_sticky_breakpoint\":\"m\",\"width_medium\":\"1-3\"},\"children\":[{\"type\":\"headline\",\"props\":{\"css\":\".el-element{\\n\\tposition: relative;\\n    padding-left: 80px;\\n    font-weight: 600;\\n}\\n.el-element::before{\\n\\tcontent: '';\\n    background-image: url('\\\/wp-content\\\/uploads\\\/2023\\\/03\\\/handbook-inner-icon.png');\\n    width: 70px;\\n    height: 60px;\\n    position: absolute;\\n    top: 50%;\\n    left: 0;\\n    background-size: contain;\\n    background-repeat: no-repeat;\\n    transform: translatey(-50%)\\n}\\n\",\"title_color\":\"success\",\"title_element\":\"h1\",\"title_style\":\"h2\"},\"source\":{\"query\":{\"name\":\"pages.singlePage\"},\"props\":{\"content\":{\"filters\":{\"search\":\"\"},\"name\":\"title\"}}}},{\"type\":\"image\",\"props\":{\"image\":\"wp-content\\\/uploads\\\/2023\\\/03\\\/handbook-drawing-1.png\",\"image_height\":\"200px\",\"image_svg_color\":\"emphasis\",\"margin\":\"default\",\"text_align\":\"center\",\"visibility\":\"l\"}}]},{\"type\":\"column\",\"props\":{\"image_position\":\"center-center\",\"position_sticky_breakpoint\":\"m\",\"vertical_align\":\"middle\",\"width_medium\":\"2-3\"},\"children\":[{\"type\":\"text\",\"props\":{\"column_breakpoint\":\"m\",\"content\":\"\n\n<div class=\\\"uk-panel uk-margin uk-scrollspy-inview \\\" data-id=\\\"page#3-0-1-0\\\" id=\\\"page#10\\\" uk-scrollspy-class=\\\"\\\">\\n\n\n<p><span>Konsorcium se sna\\u017e\\u00ed podporovat zp\\u016fsoby profesn\\u00edho rozvoje zalo\\u017een\\u00e9 na partnerstv\\u00ed a spolupr\\u00e1ci. Abychom mohli rozv\\u00edjet podp\\u016frn\\u00e9 kolegi\\u00e1ln\\u00ed prost\\u0159ed\\u00ed ve \\u0161kole jako sou\\u010d\\u00e1st jej\\u00ed kultury, zji\\u0161\\u0165uje n\\u00e1\\u0161 projekt situaci a pot\\u0159eby u\\u010ditel\\u016f a veden\\u00ed \\u0161kol. Na z\\u00e1klad\\u011b anal\\u00fdzy jejich pot\\u0159eb vytv\\u00e1\\u0159\\u00edme p\\u0159\\u00edru\\u010dku a hybridn\\u00ed kurz dal\\u0161\\u00edho vzd\\u011bl\\u00e1v\\u00e1n\\u00ed, abychom tak pomohli na\\u0161\\u00ed c\\u00edlov\\u00e9 skupin\\u011b l\\u00e9pe porozum\\u011bt, vyzkou\\u0161et a zav\\u00e1d\\u011bt r\\u016fzn\\u00e9 formy kolegi\\u00e1ln\\u00ed podpory ve \\u0161kol\\u00e1ch.<\\\/span><\\\/p>\\n<\\\/div>\",\"margin\":\"default\"}},{\"type\":\"button\",\"props\":{\"grid_column_gap\":\"small\",\"grid_row_gap\":\"small\",\"margin\":\"default\"},\"children\":[{\"type\":\"button_item\",\"props\":{\"button_style\":\"primary\",\"content\":\"Zobrazit p\\u0159\\u00edru\\u010dku\",\"dialog_layout\":\"modal\",\"dialog_offcanvas_flip\":true,\"icon_align\":\"left\",\"link\":\"wp-content\\\/uploads\\\/2025\\\/06\\\/COSERE-WP3-Handbook-CZ.pdf\",\"link_target\":\"blank\"}}]}]}]}]}],\"version\":\"4.5.0\"} --><\/p>\n","protected":false},"excerpt":{"rendered":"<p>Konsorcium se sna\u017e\u00ed podporovat zp\u016fsoby profesn\u00edho rozvoje zalo\u017een\u00e9 na partnerstv\u00ed a spolupr\u00e1ci. Abychom mohli rozv\u00edjet podp\u016frn\u00e9 kolegi\u00e1ln\u00ed prost\u0159ed\u00ed ve \u0161kole jako sou\u010d\u00e1st jej\u00ed kultury, zji\u0161\u0165uje..<\/p>\n","protected":false},"author":1,"featured_media":0,"parent":0,"menu_order":0,"comment_status":"closed","ping_status":"closed","template":"","meta":{"_acf_changed":false,"inline_featured_image":false,"footnotes":""},"class_list":["post-970","page","type-page","status-publish","hentry"],"acf":[],"_links":{"self":[{"href":"https:\/\/cosereproject.eu\/cs\/wp-json\/wp\/v2\/pages\/970","targetHints":{"allow":["GET"]}}],"collection":[{"href":"https:\/\/cosereproject.eu\/cs\/wp-json\/wp\/v2\/pages"}],"about":[{"href":"https:\/\/cosereproject.eu\/cs\/wp-json\/wp\/v2\/types\/page"}],"author":[{"embeddable":true,"href":"https:\/\/cosereproject.eu\/cs\/wp-json\/wp\/v2\/users\/1"}],"replies":[{"embeddable":true,"href":"https:\/\/cosereproject.eu\/cs\/wp-json\/wp\/v2\/comments?post=970"}],"version-history":[{"count":4,"href":"https:\/\/cosereproject.eu\/cs\/wp-json\/wp\/v2\/pages\/970\/revisions"}],"predecessor-version":[{"id":1448,"href":"https:\/\/cosereproject.eu\/cs\/wp-json\/wp\/v2\/pages\/970\/revisions\/1448"}],"wp:attachment":[{"href":"https:\/\/cosereproject.eu\/cs\/wp-json\/wp\/v2\/media?parent=970"}],"curies":[{"name":"wp","href":"https:\/\/api.w.org\/{rel}","templated":true}]}}