{"id":989,"date":"2022-02-24T14:11:37","date_gmt":"2022-02-24T14:11:37","guid":{"rendered":"https:\/\/cosereproject.eu\/home\/"},"modified":"2023-11-10T09:43:45","modified_gmt":"2023-11-10T09:43:45","slug":"home","status":"publish","type":"page","link":"https:\/\/cosereproject.eu\/cs\/","title":{"rendered":"Dom\u016f"},"content":{"rendered":"<p><img decoding=\"async\" src=\"\/wp-content\/uploads\/2023\/03\/COSERE_Logo.png\" alt=\"\"><br \/>\n<img decoding=\"async\" src=\"\/wp-content\/uploads\/2023\/03\/intro-illustration.png\" alt=\"\"><\/p>\n<h1>Kolegi\u00e1ln\u00ed podpora v z\u00e1jmu resilience a r\u016fstu ve vzd\u011bl\u00e1v\u00e1n\u00ed<\/h1>\n<h2>P\u0159ehled<\/h2>\n<p><img decoding=\"async\" src=\"\/wp-content\/uploads\/2023\/03\/about-d-10.png\" alt=\"\"><\/p>\n<div>\n<p><span><\/span><span>Spolupr\u00e1ce je nezbytn\u00e1 na v\u0161ech \u00farovn\u00edch na\u0161eho \u017eivota, a proto byla v\u00a0kompeten\u010dn\u00edm modelu 4C ozna\u010dena jako kl\u00ed\u010dov\u00e1 kompetence pro budoucnost. Je dokladov\u00e1no, \u017ee u\u010ditel\u00e9 mohou dosahovat lep\u0161\u00edch v\u00fdsledk\u016f, kdy\u017e profesion\u00e1ln\u011b spolupracuj\u00ed na z\u00e1klad\u011b vytv\u00e1\u0159en\u00ed u\u010d\u00edc\u00edch se a podp\u016frn\u00fdch komunit. Proto\u017ee je <\/span><b>kolegi\u00e1ln\u00ed podpora<\/b><span> d\u016fle\u017eit\u00e1 pro posilov\u00e1n\u00ed resilience a r\u016fst ve vzd\u011bl\u00e1v\u00e1n\u00ed, usiluje projekt COSERE o zd\u016frazn\u011bn\u00ed v\u00fdznamu <\/span><b>kolegiality jako dobr\u00e9 praxe sou\u010dasn\u00e9 \u0161koln\u00ed kultury.<\/b><\/p>\n<\/div>\n<p>\n    <a href=\"\/cs\/about\/\">\u010cti v\u00edce<\/a>\n<\/p>\n<h2>E-learning<\/h2>\n<p><img decoding=\"async\" src=\"\/wp-content\/uploads\/2023\/03\/elearning-drawing-12.png\" alt=\"\"><\/p>\n<div>\n<p><span>V r\u00e1mci nab\u00edzen\u00ed podpory za \u00fa\u010delem posilov\u00e1n\u00ed odolnosti, rozvoje \u0161kol a zvy\u0161ov\u00e1n\u00ed potenci\u00e1lu vedouc\u00edch pracovn\u00edk\u016f \u0161kol je d\u016fle\u017eit\u00e9 zab\u00fdvat se digit\u00e1ln\u00edm vzd\u011bl\u00e1v\u00e1n\u00edm c\u00edlov\u00fdch skupin. Vedouc\u00ed pracovn\u00edci \u0161kol, u\u010ditel\u00e9 a dal\u0161\u00ed pedagogi\u010dt\u00ed pracovn\u00edci mus\u00ed m\u00edt digit\u00e1ln\u00ed kompetence, kter\u00e9 jim usnadn\u00ed zav\u00e1d\u011bn\u00ed forem kolegi\u00e1ln\u00ed podpory. Tomu bude napom\u00e1hat tato e-learningov\u00e1 platforma, kter\u00e1 bude zahrnovat kurzy MOOC ve form\u011b digit\u00e1ln\u00edch miniher a sc\u00e9n\u00e1\u0159\u016f pro pracovn\u00edky.<\/span><\/p>\n<\/div>\n<p>\n    <a href=\"\/cs\/elearning\/\">\u010cti v\u00edce <\/a>\n<\/p>\n<h2>P\u0159\u00edru\u010dka<\/h2>\n<p><img decoding=\"async\" src=\"\/wp-content\/uploads\/2023\/03\/handbook-drawing-1.png\" alt=\"\"><\/p>\n<div>\n<p><span>Konsorcium se sna\u017e\u00ed podporovat zp\u016fsoby profesn\u00edho rozvoje zalo\u017een\u00e9 na partnerstv\u00ed a spolupr\u00e1ci. Abychom mohli rozv\u00edjet podp\u016frn\u00e9 kolegi\u00e1ln\u00ed prost\u0159ed\u00ed ve \u0161kole jako sou\u010d\u00e1st jej\u00ed kultury, zji\u0161\u0165uje n\u00e1\u0161 projekt situaci a pot\u0159eby u\u010ditel\u016f a veden\u00ed \u0161kol. Na z\u00e1klad\u011b anal\u00fdzy jejich pot\u0159eb vytv\u00e1\u0159\u00edme p\u0159\u00edru\u010dku a hybridn\u00ed kurz dal\u0161\u00edho vzd\u011bl\u00e1v\u00e1n\u00ed, abychom tak pomohli na\u0161\u00ed c\u00edlov\u00e9 skupin\u011b l\u00e9pe porozum\u011bt, vyzkou\u0161et a zav\u00e1d\u011bt r\u016fzn\u00e9 formy kolegi\u00e1ln\u00ed podpory ve \u0161kol\u00e1ch.<\/span><\/p>\n<\/div>\n<p>\n    <a href=\"\/handbook\/\">\u010cti v\u00edce<\/a>\n<\/p>\n<h2>Novinky<\/h2>\n<div>\n<\/div>\n<p>\n    <a href=\"\/category\/news-cz\">V\u0161echny novinky<\/a>\n<\/p>\n<p><!--more--><br \/>\n<!-- {\"type\":\"layout\",\"children\":[{\"type\":\"section\",\"props\":{\"animation\":\"slide-bottom-medium\",\"image_position\":\"center-center\",\"style\":\"default\",\"title_breakpoint\":\"xl\",\"title_position\":\"top-left\",\"title_rotation\":\"left\",\"vertical_align\":\"middle\",\"width\":\"default\"},\"children\":[{\"type\":\"row\",\"children\":[{\"type\":\"column\",\"props\":{\"image_position\":\"center-center\",\"media_overlay_gradient\":\"\",\"position_sticky_breakpoint\":\"m\",\"width_medium\":\"\"},\"children\":[{\"type\":\"image\",\"props\":{\"animation\":\"slide-left-medium\",\"image\":\"wp-content\\\/uploads\\\/2023\\\/03\\\/COSERE_Logo.png\",\"image_svg_color\":\"emphasis\",\"image_width\":\"500px\",\"margin\":\"remove-vertical\"}},{\"type\":\"image\",\"props\":{\"animation\":\"slide-right-medium\",\"block_align\":\"right\",\"css\":\".el-image{\\n\\tmax-width: 85%;\\n    float: right\\n}\\n.el-element{\\n\\tfloat: right;\\n    clear: both;\\n}\",\"image\":\"wp-content\\\/uploads\\\/2023\\\/03\\\/intro-illustration.png\",\"image_svg_color\":\"emphasis\",\"margin\":\"default\",\"margin_remove_top\":true}},{\"type\":\"headline\",\"props\":{\"content\":\"Kolegi\\u00e1ln\\u00ed podpora v z\\u00e1jmu resilience a r\\u016fstu ve vzd\\u011bl\\u00e1v\\u00e1n\\u00ed\",\"css\":\".el-element{\\n\\tfont-weight: 700;\\n}\",\"text_align\":\"center\",\"title_color\":\"primary\",\"title_element\":\"h1\",\"title_style\":\"h1\"}}]}]}]},{\"type\":\"section\",\"props\":{\"animation\":\"fade\",\"image_position\":\"center-center\",\"padding\":\"large\",\"style\":\"secondary\",\"title_breakpoint\":\"xl\",\"title_position\":\"top-left\",\"title_rotation\":\"left\",\"vertical_align\":\"middle\",\"width\":\"default\"},\"children\":[{\"type\":\"row\",\"props\":{\"layout\":\"1-3,2-3\"},\"children\":[{\"type\":\"column\",\"props\":{\"image_position\":\"center-center\",\"media_overlay_gradient\":\"\",\"position_sticky_breakpoint\":\"m\",\"width_medium\":\"1-3\"},\"children\":[{\"type\":\"headline\",\"props\":{\"class\":\"project-intro\",\"content\":\"P\\u0159ehled\",\"css\":\".el-element{\\n\\tposition: relative;\\n    font-weight: 600;\\n    padding-left: 70px;\\n}\\n.el-element::before{\\n\\tcontent: '';\\n    background-image: url('\\\/wp-content\\\/uploads\\\/2023\\\/03\\\/about-icon.png');\\n    width: 60px;\\n    height: 60px;\\n    position: absolute;\\n    top: 50%;\\n    left: 0;\\n    background-size: contain;\\n    background-repeat: no-repeat;\\n    transform: translatey(-50%)\\n}\\n\",\"margin\":\"remove-vertical\",\"title_element\":\"h2\",\"title_style\":\"h2\"}},{\"type\":\"image\",\"props\":{\"image\":\"wp-content\\\/uploads\\\/2023\\\/03\\\/about-d-10.png\",\"image_height\":\"200px\",\"image_svg_color\":\"emphasis\",\"image_width\":\"300px\",\"margin\":\"default\",\"text_align\":\"center\",\"visibility\":\"l\"}}]},{\"type\":\"column\",\"props\":{\"image_position\":\"center-center\",\"media_overlay_gradient\":\"\",\"position_sticky_breakpoint\":\"m\",\"vertical_align\":\"middle\",\"width_medium\":\"2-3\"},\"children\":[{\"type\":\"text\",\"props\":{\"column_breakpoint\":\"m\",\"content\":\"\n\n<p><span><\\\/span><span>Spolupr\\u00e1ce je nezbytn\\u00e1 na v\\u0161ech \\u00farovn\\u00edch na\\u0161eho \\u017eivota, a proto byla v\\u00a0kompeten\\u010dn\\u00edm modelu 4C ozna\\u010dena jako kl\\u00ed\\u010dov\\u00e1 kompetence pro budoucnost. Je dokladov\\u00e1no, \\u017ee u\\u010ditel\\u00e9 mohou dosahovat lep\\u0161\\u00edch v\\u00fdsledk\\u016f, kdy\\u017e profesion\\u00e1ln\\u011b spolupracuj\\u00ed na z\\u00e1klad\\u011b vytv\\u00e1\\u0159en\\u00ed u\\u010d\\u00edc\\u00edch se a podp\\u016frn\\u00fdch komunit. Proto\\u017ee je <\\\/span><b>kolegi\\u00e1ln\\u00ed podpora<\\\/b><span> d\\u016fle\\u017eit\\u00e1 pro posilov\\u00e1n\\u00ed resilience a r\\u016fst ve vzd\\u011bl\\u00e1v\\u00e1n\\u00ed, usiluje projekt COSERE o zd\\u016frazn\\u011bn\\u00ed v\\u00fdznamu <\\\/span><b>kolegiality jako dobr\\u00e9 praxe sou\\u010dasn\\u00e9 \\u0161koln\\u00ed kultury.<\\\/b><\\\/p>\",\"css\":\".el-element{\\n\\tcolor: #fff;\\n}\",\"margin\":\"default\"}},{\"type\":\"button\",\"props\":{\"class\":\"\",\"css\":\".uk-button-primary{\\n\\tbackground: #603f90;\\n    color: #fff;\\n}\",\"grid_column_gap\":\"small\",\"grid_row_gap\":\"small\",\"margin\":\"default\"},\"children\":[{\"type\":\"button_item\",\"props\":{\"button_style\":\"primary\",\"content\":\"\\u010cti v\\u00edce\",\"icon_align\":\"left\",\"link\":\"cs\\\/about\\\/\"}}]}]}]}]},{\"type\":\"section\",\"props\":{\"animation\":\"fade\",\"image_position\":\"center-center\",\"padding\":\"large\",\"style\":\"primary\",\"title_breakpoint\":\"xl\",\"title_position\":\"top-left\",\"title_rotation\":\"left\",\"vertical_align\":\"middle\",\"width\":\"default\"},\"children\":[{\"type\":\"row\",\"props\":{\"layout\":\"1-3,2-3\"},\"children\":[{\"type\":\"column\",\"props\":{\"image_position\":\"center-center\",\"media_overlay_gradient\":\"\",\"position_sticky_breakpoint\":\"m\",\"width_medium\":\"1-3\"},\"children\":[{\"type\":\"headline\",\"props\":{\"class\":\"project-intro\",\"content\":\"E-learning\",\"css\":\".el-element{\\n\\tposition: relative;\\n    padding-left: 80px;\\n    font-weight: 600;\\n}\\n.el-element::before{\\n\\tcontent: '';\\n    background-image: url('\\\/wp-content\\\/uploads\\\/2023\\\/03\\\/elearning-icon.png');\\n    width: 70px;\\n    height: 60px;\\n    position: absolute;\\n    top: 50%;\\n    left: 0;\\n    background-size: contain;\\n    background-repeat: no-repeat;\\n    transform: translatey(-50%)\\n}\\n\",\"margin\":\"remove-vertical\",\"title_element\":\"h2\",\"title_style\":\"h2\"}},{\"type\":\"image\",\"props\":{\"image\":\"wp-content\\\/uploads\\\/2023\\\/03\\\/elearning-drawing-12.png\",\"image_svg_color\":\"emphasis\",\"image_width\":\"300px\",\"margin\":\"default\",\"text_align\":\"center\",\"visibility\":\"l\"}}]},{\"type\":\"column\",\"props\":{\"image_position\":\"center-center\",\"media_overlay_gradient\":\"\",\"position_sticky_breakpoint\":\"m\",\"vertical_align\":\"middle\",\"width_medium\":\"2-3\"},\"children\":[{\"type\":\"text\",\"props\":{\"column_breakpoint\":\"m\",\"content\":\"\n\n<p><span>V r\\u00e1mci nab\\u00edzen\\u00ed podpory za \\u00fa\\u010delem posilov\\u00e1n\\u00ed odolnosti, rozvoje \\u0161kol a zvy\\u0161ov\\u00e1n\\u00ed potenci\\u00e1lu vedouc\\u00edch pracovn\\u00edk\\u016f \\u0161kol je d\\u016fle\\u017eit\\u00e9 zab\\u00fdvat se digit\\u00e1ln\\u00edm vzd\\u011bl\\u00e1v\\u00e1n\\u00edm c\\u00edlov\\u00fdch skupin. Vedouc\\u00ed pracovn\\u00edci \\u0161kol, u\\u010ditel\\u00e9 a dal\\u0161\\u00ed pedagogi\\u010dt\\u00ed pracovn\\u00edci mus\\u00ed m\\u00edt digit\\u00e1ln\\u00ed kompetence, kter\\u00e9 jim usnadn\\u00ed zav\\u00e1d\\u011bn\\u00ed forem kolegi\\u00e1ln\\u00ed podpory. Tomu bude napom\\u00e1hat tato e-learningov\\u00e1 platforma, kter\\u00e1 bude zahrnovat kurzy MOOC ve form\\u011b digit\\u00e1ln\\u00edch miniher a sc\\u00e9n\\u00e1\\u0159\\u016f pro pracovn\\u00edky.<\\\/span><\\\/p>\",\"css\":\".el-element{\\n\\tcolor: #fff;\\n}\",\"margin\":\"default\"}},{\"type\":\"button\",\"props\":{\"class\":\"\",\"css\":\".uk-button-secondary{\\n\\tbackground: #4ab17b;\\n    color: #fff;\\n}\",\"grid_column_gap\":\"small\",\"grid_row_gap\":\"small\",\"margin\":\"default\"},\"children\":[{\"type\":\"button_item\",\"props\":{\"button_style\":\"secondary\",\"content\":\"\\u010cti v\\u00edce \",\"icon_align\":\"left\",\"link\":\"cs\\\/elearning\\\/\"}}]}]}]}]},{\"type\":\"section\",\"props\":{\"animation\":\"fade\",\"css\":\".el-section{\\n\\tbackground: #f5a227;\\n}\",\"image_position\":\"center-center\",\"padding\":\"large\",\"style\":\"default\",\"title_breakpoint\":\"xl\",\"title_position\":\"top-left\",\"title_rotation\":\"left\",\"vertical_align\":\"middle\",\"width\":\"default\"},\"children\":[{\"type\":\"row\",\"props\":{\"layout\":\"1-3,2-3\"},\"children\":[{\"type\":\"column\",\"props\":{\"image_position\":\"center-center\",\"media_overlay_gradient\":\"\",\"position_sticky_breakpoint\":\"m\",\"width_medium\":\"1-3\"},\"children\":[{\"type\":\"headline\",\"props\":{\"class\":\"project-intro\",\"content\":\"P\\u0159\\u00edru\\u010dka\",\"css\":\".el-element{\\n\\tposition: relative;\\n    padding-left: 80px;\\n    color: #fff;\\n    font-weight: 600;\\n}\\n.el-element::before{\\n\\tcontent: '';\\n    background-image: url('\\\/wp-content\\\/uploads\\\/2023\\\/03\\\/handbook-icon.png');\\n    width: 70px;\\n    height: 60px;\\n    position: absolute;\\n    top: 50%;\\n    left: 0;\\n    background-size: contain;\\n    background-repeat: no-repeat;\\n    transform: translatey(-50%)\\n}\\n\",\"margin\":\"remove-vertical\",\"title_element\":\"h2\",\"title_style\":\"h2\"}},{\"type\":\"image\",\"props\":{\"image\":\"wp-content\\\/uploads\\\/2023\\\/03\\\/handbook-drawing-1.png\",\"image_height\":\"200px\",\"image_svg_color\":\"emphasis\",\"margin\":\"default\",\"text_align\":\"center\",\"visibility\":\"l\"}}]},{\"type\":\"column\",\"props\":{\"image_position\":\"center-center\",\"media_overlay_gradient\":\"\",\"position_sticky_breakpoint\":\"m\",\"vertical_align\":\"middle\",\"width_medium\":\"2-3\"},\"children\":[{\"type\":\"text\",\"props\":{\"column_breakpoint\":\"m\",\"content\":\"\n\n<p><span>Konsorcium se sna\\u017e\\u00ed podporovat zp\\u016fsoby profesn\\u00edho rozvoje zalo\\u017een\\u00e9 na partnerstv\\u00ed a spolupr\\u00e1ci. Abychom mohli rozv\\u00edjet podp\\u016frn\\u00e9 kolegi\\u00e1ln\\u00ed prost\\u0159ed\\u00ed ve \\u0161kole jako sou\\u010d\\u00e1st jej\\u00ed kultury, zji\\u0161\\u0165uje n\\u00e1\\u0161 projekt situaci a pot\\u0159eby u\\u010ditel\\u016f a veden\\u00ed \\u0161kol. Na z\\u00e1klad\\u011b anal\\u00fdzy jejich pot\\u0159eb vytv\\u00e1\\u0159\\u00edme p\\u0159\\u00edru\\u010dku a hybridn\\u00ed kurz dal\\u0161\\u00edho vzd\\u011bl\\u00e1v\\u00e1n\\u00ed, abychom tak pomohli na\\u0161\\u00ed c\\u00edlov\\u00e9 skupin\\u011b l\\u00e9pe porozum\\u011bt, vyzkou\\u0161et a zav\\u00e1d\\u011bt r\\u016fzn\\u00e9 formy kolegi\\u00e1ln\\u00ed podpory ve \\u0161kol\\u00e1ch.<\\\/span><\\\/p>\",\"css\":\".el-element{\\n\\tcolor: #fff;\\n}\",\"margin\":\"default\"}},{\"type\":\"button\",\"props\":{\"class\":\"\",\"css\":\".uk-button-primary{\\n\\tbackground: #603f90;\\n    color: #fff;\\n}\",\"grid_column_gap\":\"small\",\"grid_row_gap\":\"small\",\"margin\":\"default\"},\"children\":[{\"type\":\"button_item\",\"props\":{\"button_style\":\"secondary\",\"content\":\"\\u010cti v\\u00edce\",\"icon_align\":\"left\",\"link\":\"handbook\\\/\"}}]}]}]}]},{\"type\":\"section\",\"props\":{\"animation\":\"fade\",\"css\":\".el-section{\\n\\tbackground: #e95c4b;\\n}\",\"image_position\":\"center-center\",\"padding\":\"small\",\"style\":\"default\",\"title_breakpoint\":\"xl\",\"title_position\":\"top-left\",\"title_rotation\":\"left\",\"vertical_align\":\"middle\",\"width\":\"default\"},\"children\":[{\"type\":\"row\",\"children\":[{\"type\":\"column\",\"props\":{\"image_position\":\"center-center\",\"media_overlay_gradient\":\"\",\"position_sticky_breakpoint\":\"m\"},\"children\":[{\"type\":\"headline\",\"props\":{\"content\":\"Novinky\",\"css\":\".el-element{\\n\\tcolor: #fff!important;\\n    font-weight: 600;\\n}\",\"text_align\":\"center\",\"title_element\":\"h2\",\"title_style\":\"h2\"}},{\"type\":\"grid\",\"props\":{\"animation\":\"slide-bottom-small\",\"class\":\"news-grid\",\"content_column_breakpoint\":\"m\",\"css\":\".uk-child-width-1-1.uk-child-width-1-3\\\\@m.uk-grid-match.uk-grid {\\n  display: flex;\\n  justify-content: center;\\n}\\n.el-item{\\n\\tbackground: transparent;\\n}\\n.el-content, .el-title{\\n\\tbackground: #fff;\\n}\",\"filter_align\":\"left\",\"filter_all\":true,\"filter_grid_breakpoint\":\"m\",\"filter_grid_width\":\"auto\",\"filter_position\":\"top\",\"filter_style\":\"tab\",\"grid_default\":\"1\",\"grid_medium\":\"3\",\"grid_small\":\"2\",\"icon_width\":80,\"image_align\":\"top\",\"image_grid_breakpoint\":\"m\",\"image_grid_width\":\"1-2\",\"image_svg_color\":\"emphasis\",\"item_animation\":true,\"link_style\":\"secondary\",\"link_text\":\"\",\"margin\":\"default\",\"meta_align\":\"below-title\",\"meta_element\":\"div\",\"meta_style\":\"text-meta\",\"panel_link\":true,\"panel_style\":\"card-default\",\"parallax_easing\":\"1\",\"show_content\":true,\"show_image\":true,\"show_link\":true,\"show_meta\":true,\"show_title\":true,\"title_align\":\"top\",\"title_element\":\"h3\",\"title_grid_breakpoint\":\"m\",\"title_grid_width\":\"1-2\",\"title_hover_style\":\"reset\"},\"children\":[{\"type\":\"grid_item\",\"props\":{\"link_text\":\"\"},\"source\":{\"query\":{\"name\":\"posts.customPosts\",\"arguments\":{\"terms\":[78],\"category_operator\":\"IN\",\"post_tag_operator\":\"IN\",\"users\":[],\"users_operator\":\"IN\",\"offset\":0,\"limit\":10,\"order\":\"date\",\"order_direction\":\"DESC\"}},\"props\":{\"title\":{\"filters\":{\"search\":\"\"},\"name\":\"title\"},\"content\":{\"filters\":{\"search\":\"\"},\"name\":\"excerpt\"},\"image\":{\"filters\":{\"search\":\"\"},\"name\":\"featuredImage.url\"},\"link\":{\"filters\":{\"search\":\"\"},\"name\":\"link\"}}}}]},{\"type\":\"button\",\"props\":{\"grid_column_gap\":\"small\",\"grid_row_gap\":\"small\",\"margin\":\"default\",\"text_align\":\"center\"},\"children\":[{\"type\":\"button_item\",\"props\":{\"button_style\":\"primary\",\"content\":\"V\\u0161echny novinky\",\"icon_align\":\"left\",\"link\":\"\\\/category\\\/news-cz\"}}]}]}]}]}],\"version\":\"3.0.20\"} --><\/p>\n","protected":false},"excerpt":{"rendered":"<p>Kolegi\u00e1ln\u00ed podpora v z\u00e1jmu resilience a r\u016fstu ve vzd\u011bl\u00e1v\u00e1n\u00ed P\u0159ehled Spolupr\u00e1ce je nezbytn\u00e1 na v\u0161ech \u00farovn\u00edch na\u0161eho \u017eivota, a proto byla v\u00a0kompeten\u010dn\u00edm modelu 4C ozna\u010dena..<\/p>\n","protected":false},"author":1,"featured_media":0,"parent":0,"menu_order":0,"comment_status":"closed","ping_status":"closed","template":"","meta":{"_acf_changed":false,"inline_featured_image":false,"footnotes":""},"class_list":["post-989","page","type-page","status-publish","hentry"],"acf":[],"_links":{"self":[{"href":"https:\/\/cosereproject.eu\/cs\/wp-json\/wp\/v2\/pages\/989","targetHints":{"allow":["GET"]}}],"collection":[{"href":"https:\/\/cosereproject.eu\/cs\/wp-json\/wp\/v2\/pages"}],"about":[{"href":"https:\/\/cosereproject.eu\/cs\/wp-json\/wp\/v2\/types\/page"}],"author":[{"embeddable":true,"href":"https:\/\/cosereproject.eu\/cs\/wp-json\/wp\/v2\/users\/1"}],"replies":[{"embeddable":true,"href":"https:\/\/cosereproject.eu\/cs\/wp-json\/wp\/v2\/comments?post=989"}],"version-history":[{"count":6,"href":"https:\/\/cosereproject.eu\/cs\/wp-json\/wp\/v2\/pages\/989\/revisions"}],"predecessor-version":[{"id":1006,"href":"https:\/\/cosereproject.eu\/cs\/wp-json\/wp\/v2\/pages\/989\/revisions\/1006"}],"wp:attachment":[{"href":"https:\/\/cosereproject.eu\/cs\/wp-json\/wp\/v2\/media?parent=989"}],"curies":[{"name":"wp","href":"https:\/\/api.w.org\/{rel}","templated":true}]}}