{"id":931,"date":"2022-02-24T14:11:38","date_gmt":"2022-02-24T14:11:38","guid":{"rendered":"https:\/\/cosereproject.eu\/contact\/"},"modified":"2025-08-27T13:35:50","modified_gmt":"2025-08-27T13:35:50","slug":"contact","status":"publish","type":"page","link":"https:\/\/cosereproject.eu\/lv\/contact\/","title":{"rendered":"Kontakti"},"content":{"rendered":"<p><img decoding=\"async\" src=\"\/wp-content\/uploads\/2023\/03\/contact-drawing.png\" alt=\"\"><\/p>\n<div>\n<p><span class=\"HwtZe\" jsname=\"jqKxS\" jsaction=\"mouseup:Sxi9L,BR6jm; mousedown:qjlr0e\" lang=\"lv\"><span jsname=\"txFAF\" class=\"jCAhz ChMk0b\" jsaction=\"agoMJf:PFBcW;MZfLnc:P7O7bd;nt4Alf:pvnm0e,pfE8Hb,PFBcW;B01qod:dJXsye;H1e5u:iXtTIf;lYIUJf:hij5Wb;tSpjdb:qAKMYb\" jscontroller=\"BiTO4b\"><span class=\"ryNqvb\" jsname=\"W297wb\" jsaction=\"click:PDNqTc,GFf3ac,qlVvte;contextmenu:Nqw7Te,QP7LD; mouseout:Nqw7Te; mouseover:PDNqTc,c2aHje\">Projekts ir nosl\u0113dzies.<\/span><\/span><span jsname=\"txFAF\" class=\"jCAhz ChMk0b\" jsaction=\"agoMJf:PFBcW;MZfLnc:P7O7bd;nt4Alf:pvnm0e,pfE8Hb,PFBcW;B01qod:dJXsye;H1e5u:iXtTIf;lYIUJf:hij5Wb;tSpjdb:qAKMYb\" jscontroller=\"BiTO4b\"><span class=\"ryNqvb\" jsname=\"W297wb\" jsaction=\"click:PDNqTc,GFf3ac,qlVvte;contextmenu:Nqw7Te,QP7LD; mouseout:Nqw7Te; mouseover:PDNqTc,c2aHje\"> Lai ieg\u016btu papildu inform\u0101ciju, l\u016bdzu, sazinieties ar<\/span><\/span><\/span>\u00a0<a href=\"https:\/\/cardet.org\">CARDET<\/a>.<\/p>\n<\/div>\n<p><!--more--><br \/>\n<!-- {\"type\":\"layout\",\"children\":[{\"type\":\"section\",\"props\":{\"css\":\".el-section{\\n\\tborder-top: 35px solid #603f90;\\n    background: rgba(96 63 144 \\\/ .2);\\n}\",\"image_position\":\"center-center\",\"style\":\"default\",\"title_breakpoint\":\"xl\",\"title_position\":\"top-left\",\"title_rotation\":\"left\",\"vertical_align\":\"\",\"width\":\"default\"},\"children\":[{\"type\":\"row\",\"props\":{\"layout\":\"1-2,1-2\"},\"children\":[{\"type\":\"column\",\"props\":{\"image_position\":\"center-center\",\"position_sticky_breakpoint\":\"m\",\"width_medium\":\"1-2\"},\"children\":[{\"type\":\"headline\",\"props\":{\"css\":\".el-element{\\n\\tposition: relative;\\n    padding-left: 70px;\\n    font-weight: 600;\\n}\\n.el-element::before{\\n\\t  content: '';\\n  background-image: url('\\\/wp-content\\\/uploads\\\/2023\\\/03\\\/contact-icon.png');\\n  width: 60px;\\n  height: 60px;\\n  position: absolute;\\n  top: 50%;\\n  left: 0;\\n  background-size: contain;\\n  background-repeat: no-repeat;\\n  transform: translatey(-50%);\\n}\\n\\n\",\"title_color\":\"primary\",\"title_element\":\"h2\",\"title_style\":\"h2\"},\"source\":{\"query\":{\"name\":\"pages.singlePage\"},\"props\":{\"content\":{\"filters\":{\"search\":\"\"},\"name\":\"title\"}}}},{\"type\":\"image\",\"props\":{\"image\":\"wp-content\\\/uploads\\\/2023\\\/03\\\/contact-drawing.png\",\"image_svg_color\":\"emphasis\",\"margin\":\"default\"}}]},{\"type\":\"column\",\"props\":{\"image_position\":\"center-center\",\"position_sticky_breakpoint\":\"m\",\"vertical_align\":\"middle\",\"width_medium\":\"1-2\"},\"children\":[{\"type\":\"text\",\"props\":{\"column_breakpoint\":\"m\",\"content\":\"\n\n<p><span class=\\\"HwtZe\\\" jsname=\\\"jqKxS\\\" jsaction=\\\"mouseup:Sxi9L,BR6jm; mousedown:qjlr0e\\\" lang=\\\"lv\\\"><span jsname=\\\"txFAF\\\" class=\\\"jCAhz ChMk0b\\\" jsaction=\\\"agoMJf:PFBcW;MZfLnc:P7O7bd;nt4Alf:pvnm0e,pfE8Hb,PFBcW;B01qod:dJXsye;H1e5u:iXtTIf;lYIUJf:hij5Wb;tSpjdb:qAKMYb\\\" jscontroller=\\\"BiTO4b\\\"><span class=\\\"ryNqvb\\\" jsname=\\\"W297wb\\\" jsaction=\\\"click:PDNqTc,GFf3ac,qlVvte;contextmenu:Nqw7Te,QP7LD; mouseout:Nqw7Te; mouseover:PDNqTc,c2aHje\\\">Projekts ir nosl\\u0113dzies.<\\\/span><\\\/span><span jsname=\\\"txFAF\\\" class=\\\"jCAhz ChMk0b\\\" jsaction=\\\"agoMJf:PFBcW;MZfLnc:P7O7bd;nt4Alf:pvnm0e,pfE8Hb,PFBcW;B01qod:dJXsye;H1e5u:iXtTIf;lYIUJf:hij5Wb;tSpjdb:qAKMYb\\\" jscontroller=\\\"BiTO4b\\\"><span class=\\\"ryNqvb\\\" jsname=\\\"W297wb\\\" jsaction=\\\"click:PDNqTc,GFf3ac,qlVvte;contextmenu:Nqw7Te,QP7LD; mouseout:Nqw7Te; mouseover:PDNqTc,c2aHje\\\"> Lai ieg\\u016btu papildu inform\\u0101ciju, l\\u016bdzu, sazinieties ar<\\\/span><\\\/span><\\\/span>\\u00a0<a href=\\\"https:\\\/\\\/cardet.org\\\">CARDET<\\\/a>.<\\\/p>\",\"margin\":\"default\"}}]}]}]}],\"version\":\"4.5.0\"} --><\/p>\n","protected":false},"excerpt":{"rendered":"<p>Projekts ir nosl\u0113dzies. Lai ieg\u016btu papildu inform\u0101ciju, l\u016bdzu, sazinieties ar\u00a0CARDET.<\/p>\n","protected":false},"author":1,"featured_media":0,"parent":0,"menu_order":0,"comment_status":"closed","ping_status":"closed","template":"","meta":{"_acf_changed":false,"inline_featured_image":false,"footnotes":""},"class_list":["post-931","page","type-page","status-publish","hentry"],"acf":[],"_links":{"self":[{"href":"https:\/\/cosereproject.eu\/lv\/wp-json\/wp\/v2\/pages\/931","targetHints":{"allow":["GET"]}}],"collection":[{"href":"https:\/\/cosereproject.eu\/lv\/wp-json\/wp\/v2\/pages"}],"about":[{"href":"https:\/\/cosereproject.eu\/lv\/wp-json\/wp\/v2\/types\/page"}],"author":[{"embeddable":true,"href":"https:\/\/cosereproject.eu\/lv\/wp-json\/wp\/v2\/users\/1"}],"replies":[{"embeddable":true,"href":"https:\/\/cosereproject.eu\/lv\/wp-json\/wp\/v2\/comments?post=931"}],"version-history":[{"count":3,"href":"https:\/\/cosereproject.eu\/lv\/wp-json\/wp\/v2\/pages\/931\/revisions"}],"predecessor-version":[{"id":1526,"href":"https:\/\/cosereproject.eu\/lv\/wp-json\/wp\/v2\/pages\/931\/revisions\/1526"}],"wp:attachment":[{"href":"https:\/\/cosereproject.eu\/lv\/wp-json\/wp\/v2\/media?parent=931"}],"curies":[{"name":"wp","href":"https:\/\/api.w.org\/{rel}","templated":true}]}}