{"id":933,"date":"2023-03-10T14:30:27","date_gmt":"2023-03-10T14:30:27","guid":{"rendered":"https:\/\/cosereproject.eu\/handbook\/"},"modified":"2025-07-10T06:50:08","modified_gmt":"2025-07-10T06:50:08","slug":"handbook","status":"publish","type":"page","link":"https:\/\/cosereproject.eu\/lv\/handbook\/","title":{"rendered":"Rokasgr\u0101mata"},"content":{"rendered":"<p><img decoding=\"async\" src=\"\/wp-content\/uploads\/2023\/03\/handbook-drawing-1.png\" alt=\"\"><\/p>\n<div>\n<div class=\"uk-panel uk-margin uk-scrollspy-inview \" data-id=\"page#3-0-1-0\" id=\"page#10\" uk-scrollspy-class=\"\">\n<p><span>Konsorcijs cen\u0161as atbalst\u012bt uz savstarp\u0113ju sadarb\u012bbu balst\u012btas un m\u016bsdien\u012bgas profesion\u0101l\u0101s pilnveides aktivit\u0101tes.\u00a0<\/span><\/p>\n<p><span>Lai nodro\u0161in\u0101tu atbalsto\u0161u kole\u0123i\u0101lu un izaugsmi veicino\u0161u vidi skol\u0101 k\u0101 t\u0101s kult\u016bras sast\u0101vda\u013cu, m\u016bsu projekts p\u0113ta skolot\u0101ju un skolas vad\u012bbas situ\u0101ciju un vajadz\u012bbas. Balstoties uz vajadz\u012bbu anal\u012bzi, m\u0113s izstr\u0101d\u0101jam rokasgr\u0101matu un profesion\u0101l\u0101s kompetences pilnveides programmu, lai pal\u012bdz\u0113tu m\u016bsu m\u0113r\u0137auditorijai lab\u0101k izprast, pieredz\u0113t un ieviest da\u017e\u0101das atbalsta formas sav\u0101s izgl\u012bt\u012bbas iest\u0101d\u0113s.<\/span><span><\/span><\/p>\n<\/div>\n<\/div>\n<p><p>\n        <a href=\"\/wp-content\/uploads\/2025\/06\/COSERE-WP3-Handbook-LV-1.pdf\">Skat\u012bt rokasgr\u0101matu<\/a>\n    <\/p>\n<\/p>\n<p><!--more--><br \/>\n<!-- {\"type\":\"layout\",\"children\":[{\"type\":\"section\",\"props\":{\"css\":\".el-section{\\n\\tborder-top: 35px solid #f5a227!important;\\n    background: rgba(245 162 39 \\\/ .2);\\n}\",\"height\":\"page\",\"image_position\":\"center-center\",\"style\":\"default\",\"title_breakpoint\":\"xl\",\"title_position\":\"top-left\",\"title_rotation\":\"left\",\"vertical_align\":\"\",\"width\":\"default\"},\"children\":[{\"type\":\"row\",\"props\":{\"layout\":\"1-3,2-3\"},\"children\":[{\"type\":\"column\",\"props\":{\"image_position\":\"center-center\",\"position_sticky_breakpoint\":\"m\",\"width_medium\":\"1-3\"},\"children\":[{\"type\":\"headline\",\"props\":{\"css\":\".el-element{\\n\\tposition: relative;\\n    padding-left: 80px;\\n    font-weight: 600;\\n}\\n.el-element::before{\\n\\tcontent: '';\\n    background-image: url('\\\/wp-content\\\/uploads\\\/2023\\\/03\\\/handbook-inner-icon.png');\\n    width: 70px;\\n    height: 60px;\\n    position: absolute;\\n    top: 50%;\\n    left: 0;\\n    background-size: contain;\\n    background-repeat: no-repeat;\\n    transform: translatey(-50%)\\n}\\n\",\"title_color\":\"success\",\"title_element\":\"h1\",\"title_style\":\"h2\"},\"source\":{\"query\":{\"name\":\"pages.singlePage\"},\"props\":{\"content\":{\"filters\":{\"search\":\"\"},\"name\":\"title\"}}}},{\"type\":\"image\",\"props\":{\"image\":\"wp-content\\\/uploads\\\/2023\\\/03\\\/handbook-drawing-1.png\",\"image_height\":\"200px\",\"image_svg_color\":\"emphasis\",\"margin\":\"default\",\"text_align\":\"center\",\"visibility\":\"l\"}}]},{\"type\":\"column\",\"props\":{\"image_position\":\"center-center\",\"position_sticky_breakpoint\":\"m\",\"vertical_align\":\"middle\",\"width_medium\":\"2-3\"},\"children\":[{\"type\":\"text\",\"props\":{\"column_breakpoint\":\"m\",\"content\":\"\n\n<div class=\\\"uk-panel uk-margin uk-scrollspy-inview \\\" data-id=\\\"page#3-0-1-0\\\" id=\\\"page#10\\\" uk-scrollspy-class=\\\"\\\">\\n\n\n<p><span>Konsorcijs cen\\u0161as atbalst\\u012bt uz savstarp\\u0113ju sadarb\\u012bbu balst\\u012btas un m\\u016bsdien\\u012bgas profesion\\u0101l\\u0101s pilnveides aktivit\\u0101tes.\\u00a0<\\\/span><\\\/p>\\n\n\n<p><span>Lai nodro\\u0161in\\u0101tu atbalsto\\u0161u kole\\u0123i\\u0101lu un izaugsmi veicino\\u0161u vidi skol\\u0101 k\\u0101 t\\u0101s kult\\u016bras sast\\u0101vda\\u013cu, m\\u016bsu projekts p\\u0113ta skolot\\u0101ju un skolas vad\\u012bbas situ\\u0101ciju un vajadz\\u012bbas. Balstoties uz vajadz\\u012bbu anal\\u012bzi, m\\u0113s izstr\\u0101d\\u0101jam rokasgr\\u0101matu un profesion\\u0101l\\u0101s kompetences pilnveides programmu, lai pal\\u012bdz\\u0113tu m\\u016bsu m\\u0113r\\u0137auditorijai lab\\u0101k izprast, pieredz\\u0113t un ieviest da\\u017e\\u0101das atbalsta formas sav\\u0101s izgl\\u012bt\\u012bbas iest\\u0101d\\u0113s.<\\\/span><span><\\\/span><\\\/p>\\n<\\\/div>\",\"margin\":\"default\"}},{\"type\":\"button\",\"props\":{\"grid_column_gap\":\"small\",\"grid_row_gap\":\"small\",\"margin\":\"default\"},\"children\":[{\"type\":\"button_item\",\"props\":{\"button_style\":\"primary\",\"content\":\"Skat\\u012bt rokasgr\\u0101matu\",\"dialog_layout\":\"modal\",\"dialog_offcanvas_flip\":true,\"icon_align\":\"left\",\"link\":\"wp-content\\\/uploads\\\/2025\\\/06\\\/COSERE-WP3-Handbook-LV-1.pdf\",\"link_target\":\"blank\"}}]}]}]}]}],\"version\":\"4.5.0\"} --><\/p>\n","protected":false},"excerpt":{"rendered":"<p>Konsorcijs cen\u0161as atbalst\u012bt uz savstarp\u0113ju sadarb\u012bbu balst\u012btas un m\u016bsdien\u012bgas profesion\u0101l\u0101s pilnveides aktivit\u0101tes.\u00a0 Lai nodro\u0161in\u0101tu atbalsto\u0161u kole\u0123i\u0101lu un izaugsmi veicino\u0161u vidi skol\u0101 k\u0101 t\u0101s kult\u016bras sast\u0101vda\u013cu,..<\/p>\n","protected":false},"author":1,"featured_media":0,"parent":0,"menu_order":0,"comment_status":"closed","ping_status":"closed","template":"","meta":{"_acf_changed":false,"inline_featured_image":false,"footnotes":""},"class_list":["post-933","page","type-page","status-publish","hentry"],"acf":[],"_links":{"self":[{"href":"https:\/\/cosereproject.eu\/lv\/wp-json\/wp\/v2\/pages\/933","targetHints":{"allow":["GET"]}}],"collection":[{"href":"https:\/\/cosereproject.eu\/lv\/wp-json\/wp\/v2\/pages"}],"about":[{"href":"https:\/\/cosereproject.eu\/lv\/wp-json\/wp\/v2\/types\/page"}],"author":[{"embeddable":true,"href":"https:\/\/cosereproject.eu\/lv\/wp-json\/wp\/v2\/users\/1"}],"replies":[{"embeddable":true,"href":"https:\/\/cosereproject.eu\/lv\/wp-json\/wp\/v2\/comments?post=933"}],"version-history":[{"count":4,"href":"https:\/\/cosereproject.eu\/lv\/wp-json\/wp\/v2\/pages\/933\/revisions"}],"predecessor-version":[{"id":1492,"href":"https:\/\/cosereproject.eu\/lv\/wp-json\/wp\/v2\/pages\/933\/revisions\/1492"}],"wp:attachment":[{"href":"https:\/\/cosereproject.eu\/lv\/wp-json\/wp\/v2\/media?parent=933"}],"curies":[{"name":"wp","href":"https:\/\/api.w.org\/{rel}","templated":true}]}}