{"id":934,"date":"2022-02-24T14:11:37","date_gmt":"2022-02-24T14:11:37","guid":{"rendered":"https:\/\/cosereproject.eu\/home\/"},"modified":"2023-10-25T20:34:11","modified_gmt":"2023-10-25T20:34:11","slug":"home","status":"publish","type":"page","link":"https:\/\/cosereproject.eu\/lv\/","title":{"rendered":"S\u0101kums"},"content":{"rendered":"<p><img decoding=\"async\" src=\"\/wp-content\/uploads\/2023\/03\/COSERE_Logo.png\" alt=\"\"><br \/>\n<img decoding=\"async\" src=\"\/wp-content\/uploads\/2023\/03\/intro-illustration.png\" alt=\"\"><\/p>\n<h1>Kole\u0123i\u0101ls atbalsts notur\u012bbai (resiliencei) un izaugsmei izgl\u012bt\u012bb\u0101<\/h1>\n<h2>Kopsavilkums<\/h2>\n<p><img decoding=\"async\" src=\"\/wp-content\/uploads\/2023\/03\/about-d-10.png\" alt=\"\"><\/p>\n<div>\n<p><span><\/span><span>Sadarb\u012bbai ir b\u016btiska noz\u012bme visos m\u016bsu dz\u012bves l\u012bme\u0146os, t\u0101p\u0113c 4C model\u012b (komunik\u0101cija, sadarb\u012bba, kritisk\u0101 dom\u0101\u0161ana, rado\u0161ums) t\u0101 ir noteikta par vienu no n\u0101kotnes pamatprasm\u0113m. Pamatojoties uz pier\u0101d\u012bjumiem, skolot\u0101ji var sasniegt lab\u0101kus rezult\u0101tus, profesion\u0101li sadarbojoties, veidojot m\u0101c\u012bbu un atbalsta kopienas. T\u0101 k\u0101 <\/span><b>kole\u0123i\u0101lajam atbalstam<\/b><span> ir iz\u0161\u0137iro\u0161a noz\u012bme notur\u012bbas (resiliences) un izaugsmes nodro\u0161in\u0101\u0161an\u0101 izgl\u012bt\u012bb\u0101, COSERE projekta m\u0113r\u0137is ir stiprin\u0101t <\/span><b>kole\u0123ialit\u0101tes noz\u012bmi un lomu izgl\u012bt\u012bb\u0101 k\u0101 labas prakses piem\u0113ru skol\u0101<\/b><span>.<\/span><\/p>\n<\/div>\n<p>\n    <a href=\"\/lv\/about\/\">Las\u012bt vair\u0101k<\/a>\n<\/p>\n<h2>e-M\u0101c\u012bbas<\/h2>\n<p><img decoding=\"async\" src=\"\/wp-content\/uploads\/2023\/03\/elearning-drawing-12.png\" alt=\"\"><\/p>\n<div>\n<p><span>Pied\u0101v\u0101jot atbalstu skolu notur\u012bbas (resiliences) un izaugsmes uzlabo\u0161anai un izgl\u012bt\u012bbas vad\u012bbas potenci\u0101la palielin\u0101\u0161anai, ir svar\u012bgi piev\u0113rsties m\u0113r\u0137a grupu digit\u0101lo prasmju pilnveido\u0161anai. Izgl\u012bt\u012bbas vad\u012bbai, skolot\u0101jiem un citiem skolas darbiniekiem ir j\u0101b\u016bt digit\u0101li kompetentiem, lai var\u0113tu \u012bstenot kole\u0123i\u0101lu atbalstu. Tas tiks sasniegts, dodot darbiniekiem iesp\u0113ju izmantot projekta e-m\u0101c\u012bbu platformu, kas ietvers MOOC digit\u0101l\u0101s mini sp\u0113les un scen\u0101rijus.<\/span><\/p>\n<\/div>\n<p>\n    <a href=\"\/lv\/elearning\/\">Apmekl\u0113jiet platformu<\/a>\n<\/p>\n<h2>Rokasgr\u0101mata<\/h2>\n<p><img decoding=\"async\" src=\"\/wp-content\/uploads\/2023\/03\/handbook-drawing-1.png\" alt=\"\"><\/p>\n<div>\n<p><span>Konsorcijs cen\u0161as atbalst\u012bt uz savstarp\u0113ju sadarb\u012bbu balst\u012btas un m\u016bsdien\u012bgas profesion\u0101l\u0101s pilnveides aktivit\u0101tes.\u00a0<\/span><span>Lai nodro\u0161in\u0101tu atbalsto\u0161u kole\u0123i\u0101lu un izaugsmi veicino\u0161u vidi skol\u0101 k\u0101 t\u0101s kult\u016bras sast\u0101vda\u013cu, m\u016bsu projekts p\u0113ta skolot\u0101ju un skolas vad\u012bbas situ\u0101ciju un vajadz\u012bbas. Balstoties uz vajadz\u012bbu anal\u012bzi, m\u0113s izstr\u0101d\u0101jam rokasgr\u0101matu un profesion\u0101l\u0101s kompetences pilnveides programmu, lai pal\u012bdz\u0113tu m\u016bsu m\u0113r\u0137auditorijai lab\u0101k izprast, pieredz\u0113t un ieviest da\u017e\u0101das atbalsta formas sav\u0101s izgl\u012bt\u012bbas iest\u0101d\u0113s.<\/span><\/p>\n<p><span>\u00a0<\/span><\/p>\n<\/div>\n<p>\n    <a href=\"\/lv\/handbook\/\">Las\u012bt vair\u0101k<\/a>\n<\/p>\n<h2>Jaunumi<\/h2>\n<div>\n<\/div>\n<p>\n    <a href=\"\/lv\/category\/jaunumi\/\">Visi jaunumi<\/a>\n<\/p>\n<p><!--more--><br \/>\n<!-- {\"type\":\"layout\",\"children\":[{\"type\":\"section\",\"props\":{\"animation\":\"slide-bottom-medium\",\"image_position\":\"center-center\",\"style\":\"default\",\"title_breakpoint\":\"xl\",\"title_position\":\"top-left\",\"title_rotation\":\"left\",\"vertical_align\":\"middle\",\"width\":\"default\"},\"children\":[{\"type\":\"row\",\"children\":[{\"type\":\"column\",\"props\":{\"image_position\":\"center-center\",\"media_overlay_gradient\":\"\",\"position_sticky_breakpoint\":\"m\",\"width_medium\":\"\"},\"children\":[{\"type\":\"image\",\"props\":{\"animation\":\"slide-left-medium\",\"image\":\"wp-content\\\/uploads\\\/2023\\\/03\\\/COSERE_Logo.png\",\"image_svg_color\":\"emphasis\",\"image_width\":\"500px\",\"margin\":\"remove-vertical\"}},{\"type\":\"image\",\"props\":{\"animation\":\"slide-right-medium\",\"block_align\":\"right\",\"css\":\".el-image{\\n\\tmax-width: 85%;\\n    float: right\\n}\\n.el-element{\\n\\tfloat: right;\\n    clear: both;\\n}\",\"image\":\"wp-content\\\/uploads\\\/2023\\\/03\\\/intro-illustration.png\",\"image_svg_color\":\"emphasis\",\"margin\":\"default\",\"margin_remove_top\":true}},{\"type\":\"headline\",\"props\":{\"content\":\"Kole\\u0123i\\u0101ls atbalsts notur\\u012bbai (resiliencei) un izaugsmei izgl\\u012bt\\u012bb\\u0101\",\"css\":\".el-element{\\n\\tfont-weight: 700;\\n}\",\"text_align\":\"center\",\"title_color\":\"primary\",\"title_element\":\"h1\",\"title_style\":\"h1\"}}]}]}]},{\"type\":\"section\",\"props\":{\"animation\":\"fade\",\"image_position\":\"center-center\",\"padding\":\"large\",\"style\":\"secondary\",\"title_breakpoint\":\"xl\",\"title_position\":\"top-left\",\"title_rotation\":\"left\",\"vertical_align\":\"middle\",\"width\":\"default\"},\"children\":[{\"type\":\"row\",\"props\":{\"layout\":\"1-3,2-3\"},\"children\":[{\"type\":\"column\",\"props\":{\"image_position\":\"center-center\",\"media_overlay_gradient\":\"\",\"position_sticky_breakpoint\":\"m\",\"width_medium\":\"1-3\"},\"children\":[{\"type\":\"headline\",\"props\":{\"class\":\"project-intro\",\"content\":\"Kopsavilkums\",\"css\":\".el-element{\\n\\tposition: relative;\\n    font-weight: 600;\\n    padding-left: 70px;\\n}\\n.el-element::before{\\n\\tcontent: '';\\n    background-image: url('\\\/wp-content\\\/uploads\\\/2023\\\/03\\\/about-icon.png');\\n    width: 60px;\\n    height: 60px;\\n    position: absolute;\\n    top: 50%;\\n    left: 0;\\n    background-size: contain;\\n    background-repeat: no-repeat;\\n    transform: translatey(-50%)\\n}\\n\",\"margin\":\"remove-vertical\",\"title_element\":\"h2\",\"title_style\":\"h2\"}},{\"type\":\"image\",\"props\":{\"image\":\"wp-content\\\/uploads\\\/2023\\\/03\\\/about-d-10.png\",\"image_height\":\"200px\",\"image_svg_color\":\"emphasis\",\"image_width\":\"300px\",\"margin\":\"default\",\"text_align\":\"center\",\"visibility\":\"l\"}}]},{\"type\":\"column\",\"props\":{\"image_position\":\"center-center\",\"media_overlay_gradient\":\"\",\"position_sticky_breakpoint\":\"m\",\"vertical_align\":\"middle\",\"width_medium\":\"2-3\"},\"children\":[{\"type\":\"text\",\"props\":{\"column_breakpoint\":\"m\",\"content\":\"\n\n<p><span><\\\/span><span>Sadarb\\u012bbai ir b\\u016btiska noz\\u012bme visos m\\u016bsu dz\\u012bves l\\u012bme\\u0146os, t\\u0101p\\u0113c 4C model\\u012b (komunik\\u0101cija, sadarb\\u012bba, kritisk\\u0101 dom\\u0101\\u0161ana, rado\\u0161ums) t\\u0101 ir noteikta par vienu no n\\u0101kotnes pamatprasm\\u0113m. Pamatojoties uz pier\\u0101d\\u012bjumiem, skolot\\u0101ji var sasniegt lab\\u0101kus rezult\\u0101tus, profesion\\u0101li sadarbojoties, veidojot m\\u0101c\\u012bbu un atbalsta kopienas. T\\u0101 k\\u0101 <\\\/span><b>kole\\u0123i\\u0101lajam atbalstam<\\\/b><span> ir iz\\u0161\\u0137iro\\u0161a noz\\u012bme notur\\u012bbas (resiliences) un izaugsmes nodro\\u0161in\\u0101\\u0161an\\u0101 izgl\\u012bt\\u012bb\\u0101, COSERE projekta m\\u0113r\\u0137is ir stiprin\\u0101t <\\\/span><b>kole\\u0123ialit\\u0101tes noz\\u012bmi un lomu izgl\\u012bt\\u012bb\\u0101 k\\u0101 labas prakses piem\\u0113ru skol\\u0101<\\\/b><span>.<\\\/span><\\\/p>\",\"css\":\".el-element{\\n\\tcolor: #fff;\\n}\",\"margin\":\"default\"}},{\"type\":\"button\",\"props\":{\"class\":\"\",\"css\":\".uk-button-primary{\\n\\tbackground: #603f90;\\n    color: #fff;\\n}\",\"grid_column_gap\":\"small\",\"grid_row_gap\":\"small\",\"margin\":\"default\"},\"children\":[{\"type\":\"button_item\",\"props\":{\"button_style\":\"primary\",\"content\":\"Las\\u012bt vair\\u0101k\",\"icon_align\":\"left\",\"link\":\"lv\\\/about\\\/\"}}]}]}]}]},{\"type\":\"section\",\"props\":{\"animation\":\"fade\",\"image_position\":\"center-center\",\"padding\":\"large\",\"style\":\"primary\",\"title_breakpoint\":\"xl\",\"title_position\":\"top-left\",\"title_rotation\":\"left\",\"vertical_align\":\"middle\",\"width\":\"default\"},\"children\":[{\"type\":\"row\",\"props\":{\"layout\":\"1-3,2-3\"},\"children\":[{\"type\":\"column\",\"props\":{\"image_position\":\"center-center\",\"media_overlay_gradient\":\"\",\"position_sticky_breakpoint\":\"m\",\"width_medium\":\"1-3\"},\"children\":[{\"type\":\"headline\",\"props\":{\"class\":\"project-intro\",\"content\":\"e-M\\u0101c\\u012bbas\",\"css\":\".el-element{\\n\\tposition: relative;\\n    padding-left: 80px;\\n    font-weight: 600;\\n}\\n.el-element::before{\\n\\tcontent: '';\\n    background-image: url('\\\/wp-content\\\/uploads\\\/2023\\\/03\\\/elearning-icon.png');\\n    width: 70px;\\n    height: 60px;\\n    position: absolute;\\n    top: 50%;\\n    left: 0;\\n    background-size: contain;\\n    background-repeat: no-repeat;\\n    transform: translatey(-50%)\\n}\\n\",\"margin\":\"remove-vertical\",\"title_element\":\"h2\",\"title_style\":\"h2\"}},{\"type\":\"image\",\"props\":{\"image\":\"wp-content\\\/uploads\\\/2023\\\/03\\\/elearning-drawing-12.png\",\"image_svg_color\":\"emphasis\",\"image_width\":\"300px\",\"margin\":\"default\",\"text_align\":\"center\",\"visibility\":\"l\"}}]},{\"type\":\"column\",\"props\":{\"image_position\":\"center-center\",\"media_overlay_gradient\":\"\",\"position_sticky_breakpoint\":\"m\",\"vertical_align\":\"middle\",\"width_medium\":\"2-3\"},\"children\":[{\"type\":\"text\",\"props\":{\"column_breakpoint\":\"m\",\"content\":\"\n\n<p><span>Pied\\u0101v\\u0101jot atbalstu skolu notur\\u012bbas (resiliences) un izaugsmes uzlabo\\u0161anai un izgl\\u012bt\\u012bbas vad\\u012bbas potenci\\u0101la palielin\\u0101\\u0161anai, ir svar\\u012bgi piev\\u0113rsties m\\u0113r\\u0137a grupu digit\\u0101lo prasmju pilnveido\\u0161anai. Izgl\\u012bt\\u012bbas vad\\u012bbai, skolot\\u0101jiem un citiem skolas darbiniekiem ir j\\u0101b\\u016bt digit\\u0101li kompetentiem, lai var\\u0113tu \\u012bstenot kole\\u0123i\\u0101lu atbalstu. Tas tiks sasniegts, dodot darbiniekiem iesp\\u0113ju izmantot projekta e-m\\u0101c\\u012bbu platformu, kas ietvers MOOC digit\\u0101l\\u0101s mini sp\\u0113les un scen\\u0101rijus.<\\\/span><\\\/p>\",\"css\":\".el-element{\\n\\tcolor: #fff;\\n}\",\"margin\":\"default\"}},{\"type\":\"button\",\"props\":{\"class\":\"\",\"css\":\".uk-button-secondary{\\n\\tbackground: #4ab17b;\\n    color: #fff;\\n}\",\"grid_column_gap\":\"small\",\"grid_row_gap\":\"small\",\"margin\":\"default\"},\"children\":[{\"type\":\"button_item\",\"props\":{\"button_style\":\"secondary\",\"content\":\"Apmekl\\u0113jiet platformu\",\"icon_align\":\"left\",\"link\":\"lv\\\/elearning\\\/\"}}]}]}]}]},{\"type\":\"section\",\"props\":{\"animation\":\"fade\",\"css\":\".el-section{\\n\\tbackground: #f5a227;\\n}\",\"image_position\":\"center-center\",\"padding\":\"large\",\"style\":\"default\",\"title_breakpoint\":\"xl\",\"title_position\":\"top-left\",\"title_rotation\":\"left\",\"vertical_align\":\"middle\",\"width\":\"default\"},\"children\":[{\"type\":\"row\",\"props\":{\"layout\":\"1-3,2-3\"},\"children\":[{\"type\":\"column\",\"props\":{\"image_position\":\"center-center\",\"media_overlay_gradient\":\"\",\"position_sticky_breakpoint\":\"m\",\"width_medium\":\"1-3\"},\"children\":[{\"type\":\"headline\",\"props\":{\"class\":\"project-intro\",\"content\":\"Rokasgr\\u0101mata\",\"css\":\".el-element{\\n\\tposition: relative;\\n    padding-left: 80px;\\n    color: #fff;\\n    font-weight: 600;\\n}\\n.el-element::before{\\n\\tcontent: '';\\n    background-image: url('\\\/wp-content\\\/uploads\\\/2023\\\/03\\\/handbook-icon.png');\\n    width: 70px;\\n    height: 60px;\\n    position: absolute;\\n    top: 50%;\\n    left: 0;\\n    background-size: contain;\\n    background-repeat: no-repeat;\\n    transform: translatey(-50%)\\n}\\n\",\"margin\":\"remove-vertical\",\"title_element\":\"h2\",\"title_style\":\"h2\"}},{\"type\":\"image\",\"props\":{\"image\":\"wp-content\\\/uploads\\\/2023\\\/03\\\/handbook-drawing-1.png\",\"image_height\":\"200px\",\"image_svg_color\":\"emphasis\",\"margin\":\"default\",\"text_align\":\"center\",\"visibility\":\"l\"}}]},{\"type\":\"column\",\"props\":{\"image_position\":\"center-center\",\"media_overlay_gradient\":\"\",\"position_sticky_breakpoint\":\"m\",\"vertical_align\":\"middle\",\"width_medium\":\"2-3\"},\"children\":[{\"type\":\"text\",\"props\":{\"column_breakpoint\":\"m\",\"content\":\"\n\n<p><span>Konsorcijs cen\\u0161as atbalst\\u012bt uz savstarp\\u0113ju sadarb\\u012bbu balst\\u012btas un m\\u016bsdien\\u012bgas profesion\\u0101l\\u0101s pilnveides aktivit\\u0101tes.\\u00a0<\\\/span><span>Lai nodro\\u0161in\\u0101tu atbalsto\\u0161u kole\\u0123i\\u0101lu un izaugsmi veicino\\u0161u vidi skol\\u0101 k\\u0101 t\\u0101s kult\\u016bras sast\\u0101vda\\u013cu, m\\u016bsu projekts p\\u0113ta skolot\\u0101ju un skolas vad\\u012bbas situ\\u0101ciju un vajadz\\u012bbas. Balstoties uz vajadz\\u012bbu anal\\u012bzi, m\\u0113s izstr\\u0101d\\u0101jam rokasgr\\u0101matu un profesion\\u0101l\\u0101s kompetences pilnveides programmu, lai pal\\u012bdz\\u0113tu m\\u016bsu m\\u0113r\\u0137auditorijai lab\\u0101k izprast, pieredz\\u0113t un ieviest da\\u017e\\u0101das atbalsta formas sav\\u0101s izgl\\u012bt\\u012bbas iest\\u0101d\\u0113s.<\\\/span><\\\/p>\\n\n\n<p><span>\\u00a0<\\\/span><\\\/p>\",\"css\":\".el-element{\\n\\tcolor: #fff;\\n}\",\"margin\":\"default\"}},{\"type\":\"button\",\"props\":{\"class\":\"\",\"css\":\".uk-button-primary{\\n\\tbackground: #603f90;\\n    color: #fff;\\n}\",\"grid_column_gap\":\"small\",\"grid_row_gap\":\"small\",\"margin\":\"default\"},\"children\":[{\"type\":\"button_item\",\"props\":{\"button_style\":\"secondary\",\"content\":\"Las\\u012bt vair\\u0101k\",\"icon_align\":\"left\",\"link\":\"lv\\\/handbook\\\/\"}}]}]}]}]},{\"type\":\"section\",\"props\":{\"animation\":\"fade\",\"css\":\".el-section{\\n\\tbackground: #e95c4b;\\n}\",\"image_position\":\"center-center\",\"padding\":\"small\",\"style\":\"default\",\"title_breakpoint\":\"xl\",\"title_position\":\"top-left\",\"title_rotation\":\"left\",\"vertical_align\":\"middle\",\"width\":\"default\"},\"children\":[{\"type\":\"row\",\"children\":[{\"type\":\"column\",\"props\":{\"image_position\":\"center-center\",\"media_overlay_gradient\":\"\",\"position_sticky_breakpoint\":\"m\"},\"children\":[{\"type\":\"headline\",\"props\":{\"content\":\"Jaunumi\",\"css\":\".el-element{\\n\\tcolor: #fff!important;\\n    font-weight: 600;\\n}\",\"text_align\":\"center\",\"title_element\":\"h2\",\"title_style\":\"h2\"}},{\"type\":\"grid\",\"props\":{\"animation\":\"slide-bottom-small\",\"class\":\"news-grid\",\"content_column_breakpoint\":\"m\",\"css\":\".uk-child-width-1-1.uk-child-width-1-3\\\\@m.uk-grid-match.uk-grid {\\n  display: flex;\\n  justify-content: center;\\n}\\n.el-item{\\n\\tbackground: transparent;\\n}\\n.el-content, .el-title{\\n\\tbackground: #fff;\\n}\",\"filter_align\":\"left\",\"filter_all\":true,\"filter_grid_breakpoint\":\"m\",\"filter_grid_width\":\"auto\",\"filter_position\":\"top\",\"filter_style\":\"tab\",\"grid_default\":\"1\",\"grid_medium\":\"3\",\"grid_small\":\"2\",\"icon_width\":80,\"image_align\":\"top\",\"image_grid_breakpoint\":\"m\",\"image_grid_width\":\"1-2\",\"image_svg_color\":\"emphasis\",\"item_animation\":true,\"link_style\":\"secondary\",\"link_text\":\"\",\"margin\":\"default\",\"meta_align\":\"below-title\",\"meta_element\":\"div\",\"meta_style\":\"text-meta\",\"panel_link\":true,\"panel_style\":\"card-default\",\"parallax_easing\":\"1\",\"show_content\":true,\"show_image\":true,\"show_link\":true,\"show_meta\":true,\"show_title\":true,\"title_align\":\"top\",\"title_element\":\"h3\",\"title_grid_breakpoint\":\"m\",\"title_grid_width\":\"1-2\",\"title_hover_style\":\"reset\"},\"children\":[{\"type\":\"grid_item\",\"props\":{\"link_text\":\"\"},\"source\":{\"query\":{\"name\":\"posts.customPosts\",\"arguments\":{\"terms\":[77],\"category_operator\":\"IN\",\"post_tag_operator\":\"IN\",\"users\":[],\"users_operator\":\"IN\",\"offset\":0,\"limit\":10,\"order\":\"date\",\"order_direction\":\"DESC\"}},\"props\":{\"title\":{\"filters\":{\"search\":\"\"},\"name\":\"title\"},\"content\":{\"filters\":{\"search\":\"\"},\"name\":\"excerpt\"},\"image\":{\"filters\":{\"search\":\"\"},\"name\":\"featuredImage.url\"},\"link\":{\"filters\":{\"search\":\"\"},\"name\":\"link\"}}}}]},{\"type\":\"button\",\"props\":{\"grid_column_gap\":\"small\",\"grid_row_gap\":\"small\",\"margin\":\"default\",\"text_align\":\"center\"},\"children\":[{\"type\":\"button_item\",\"props\":{\"button_style\":\"primary\",\"content\":\"Visi jaunumi\",\"icon_align\":\"left\",\"link\":\"\\\/lv\\\/category\\\/jaunumi\\\/\"}}]}]}]}]}],\"version\":\"3.0.20\"} --><\/p>\n","protected":false},"excerpt":{"rendered":"<p>Kole\u0123i\u0101ls atbalsts notur\u012bbai (resiliencei) un izaugsmei izgl\u012bt\u012bb\u0101 Kopsavilkums Sadarb\u012bbai ir b\u016btiska noz\u012bme visos m\u016bsu dz\u012bves l\u012bme\u0146os, t\u0101p\u0113c 4C model\u012b (komunik\u0101cija, sadarb\u012bba, kritisk\u0101 dom\u0101\u0161ana, rado\u0161ums) t\u0101..<\/p>\n","protected":false},"author":1,"featured_media":0,"parent":0,"menu_order":0,"comment_status":"closed","ping_status":"closed","template":"","meta":{"_acf_changed":false,"inline_featured_image":false,"footnotes":""},"class_list":["post-934","page","type-page","status-publish","hentry"],"acf":[],"_links":{"self":[{"href":"https:\/\/cosereproject.eu\/lv\/wp-json\/wp\/v2\/pages\/934","targetHints":{"allow":["GET"]}}],"collection":[{"href":"https:\/\/cosereproject.eu\/lv\/wp-json\/wp\/v2\/pages"}],"about":[{"href":"https:\/\/cosereproject.eu\/lv\/wp-json\/wp\/v2\/types\/page"}],"author":[{"embeddable":true,"href":"https:\/\/cosereproject.eu\/lv\/wp-json\/wp\/v2\/users\/1"}],"replies":[{"embeddable":true,"href":"https:\/\/cosereproject.eu\/lv\/wp-json\/wp\/v2\/comments?post=934"}],"version-history":[{"count":3,"href":"https:\/\/cosereproject.eu\/lv\/wp-json\/wp\/v2\/pages\/934\/revisions"}],"predecessor-version":[{"id":943,"href":"https:\/\/cosereproject.eu\/lv\/wp-json\/wp\/v2\/pages\/934\/revisions\/943"}],"wp:attachment":[{"href":"https:\/\/cosereproject.eu\/lv\/wp-json\/wp\/v2\/media?parent=934"}],"curies":[{"name":"wp","href":"https:\/\/api.w.org\/{rel}","templated":true}]}}